{"id":68,"date":"2018-04-10T11:13:26","date_gmt":"2018-04-10T11:13:26","guid":{"rendered":"http:\/\/ernurcom.kz\/?page_id=68"},"modified":"2018-04-11T12:59:11","modified_gmt":"2018-04-11T12:59:11","slug":"ernur-print","status":"publish","type":"page","link":"http:\/\/ernurcom.kz\/kk\/ernur-print\/","title":{"rendered":"&#8220;ERNUR print&#8221; \u0416\u0428\u0421"},"content":{"rendered":"<ul>\n<li>\u0411\u0430\u0441\u043f\u0430\u0445\u0430\u043d\u0430 i\u0441i<\/li>\n<li>\u0416\u0435\u0434\u0435\u043b \u043f\u043e\u043b\u0438\u0433\u0440\u0430\u0444\u0438\u044f<\/li>\n<\/ul>\n<p>\u0416\u0430\u04a3\u0430 \u043a\u0435\u0437\u0435\u04a3\u0433\u0435 \u0441\u0430\u0439 \u0441\u0430\u043f\u0430\u043b\u044b, \u0442\u043e\u043b\u044b\u049b \u0442\u04af\u0440\u043bi-\u0442\u04af\u0441\u0442i \u0431\u0430\u0441\u044b\u043b\u044b\u043c\u0434\u0430\u0440 \u0431\u0430\u0441\u044b\u043f \u0448\u044b\u0493\u0430\u0440\u0443 \u0436\u04d9\u043d\u0435 \u0436\u0435\u0434\u0435\u043b \u0431\u0430\u0441\u043f\u0430\u0445\u0430\u043d\u0430\u043b\u044b\u049b \u049b\u044b\u0437\u043c\u0435\u0442 \u043a\u04e9\u0440\u0441\u0435\u0442\u0443 \u00abERNUR-print\u00bb \u0416\u0428\u0421-\u043di\u04a3 \u0435\u043d\u0448i\u0441i\u043d\u0434\u0435. \u041a\u043b\u0438\u0435\u043d\u0442\u0442\u0435\u0440\u0434i\u04a3 \u0441\u04b1\u0440\u0430\u043d\u044b\u043c\u044b\u043d \u049b\u0430\u043d\u0430\u0493\u0430\u0442\u0442\u0430\u043d\u0434\u044b\u0440\u0443 \u0436\u04d9\u043d\u0435 \u0436\u043e\u0493\u0430\u0440\u044b \u0441\u0430\u043f\u0430\u043b\u044b \u049b\u044b\u0437\u043c\u0435\u0442 \u043a\u04e9\u0440\u0441\u0435\u0442\u0443 \u04af\u0448i\u043d 2010 \u0436\u044b\u043b\u044b \u0436\u0435\u043b\u0442\u043e\u049b\u0441\u0430\u043d \u0430\u0439\u044b\u043d\u0434\u0430 \u00ab\u0411\u0438\u0437\u043d\u0435\u0441 \u0436\u043e\u043b \u043a\u0430\u0440\u0442\u0430\u0441\u044b &#8211; 2020\u00bb \u043c\u0435\u043c\u043b\u0435\u043a\u0435\u0442\u0442i\u043a \u0431\u0430\u0493\u0434\u0430\u0440\u043b\u0430\u043c\u0430\u0441\u044b \u0430\u0440\u00ba\u00e0\u00f1\u00fb\u00ed\u00e4\u00e0, \u04af\u0441\u0442i\u043ci\u0437\u0434\u0435\u0433i \u0436\u044b\u043b\u0434\u044b\u04a3 \u043d\u0430\u0443\u0440\u044b\u0437 \u0430\u0439\u044b\u043d\u0434\u0430 \u04ae\u043d\u0434i\u0441\u0442\u0430\u043d\u0434\u0430 \u043d\u0435\u043ci\u0441 \u0442\u0435\u0445\u043d\u043e\u043b\u043e\u0433\u0438\u044f\u0441\u044b\u043c\u0435\u043d \u0448\u044b\u0493\u0430\u0440\u044b\u043b\u0493\u0430\u043d \u00abCITYLINE EXPRESS\u00bb \u0430\u0442\u0442\u044b \u0441\u043e\u04a3\u0493\u044b \u04af\u043b\u0433i\u0434\u0435\u0433i \u0431\u0430\u0441\u043f\u0430\u0445\u0430\u043d\u0430 \u049b\u043e\u043d\u0434\u044b\u0440\u0493\u044b\u0441\u044b\u043d \u0441\u0430\u0442\u044b\u043f \u0430\u043b\u0434\u044b. \u041c\u04b1\u043d\u0434\u0430\u0493\u044b \u0431\u0430\u0441\u0442\u044b \u043c\u0430\u049b\u0441\u0430\u0442 \u2014 \u043f\u043e\u043b\u0438\u0433\u0440\u0430\u0444\u0438\u044f \u04e9\u043d\u0434i\u0440i\u0441i\u043d\u0435 \u0436\u0430\u04a3\u0430 \u0438\u043d\u043d\u043e\u0432\u0430\u0446\u0438\u044f\u043b\u044b\u049b \u0442\u0435\u0445\u043d\u043e\u043b\u043e\u0433\u0438\u044f\u043b\u0430\u0440\u044b\u043d \u0435\u043d\u0433i\u0437\u0443 \u0435\u0434i. \u041e\u04a3\u0442\u04af\u0441\u0442i\u043a \u04e9\u04a3i\u0440i\u043d\u0435 \u0430\u043b\u0493\u0430\u0448 \u0440\u0435\u0442 \u049b\u044b\u0437\u043c\u0435\u0442 \u043a\u04e9\u0440\u0441\u0435\u0442i\u043f \u043e\u0442\u044b\u0440\u0493\u0430\u043d \u00abCITYLINE EXPRESS\u00bb \u049a\u0430\u0437\u0430\u049b\u0441\u0442\u0430\u043d \u043c\u0435\u043d \u041e\u0440\u0442\u0430 \u0410\u0437\u0438\u044f\u0434\u0430\u0493\u044b \u0435\u04a3 \u043e\u0437\u044b\u049b \u04af\u043b\u0433i\u0434\u0435\u0433i \u0431\u0430\u0441\u043f\u0430\u0445\u0430\u043d\u0430 \u049b\u043e\u043d\u0434\u044b\u0440\u0493\u044b\u043b\u0430\u0440\u044b\u043d\u044b\u04a3 \u0431i\u0440i \u0431\u043e\u043b\u044b\u043f \u0442\u0430\u0431\u044b\u043b\u0430\u0434\u044b. \u049a\u043e\u043d\u0434\u044b\u0440\u0493\u044b \u0441\u0430\u0493\u0430\u0442\u044b\u043d\u0430 35 000 \u0434\u0430\u043d\u0430\u0493\u0430 \u0434\u0435\u0439i\u043d\u0433i \u0436\u044b\u043b\u0434\u0430\u043c\u0434\u044b\u049b\u043f\u0435\u043d \u0410-2 \u0436\u04d9\u043d\u0435 \u0410-3 \u0444\u043e\u0440\u043c\u0430\u0442\u0442\u0430\u0493\u044b 40 \u0431\u0435\u0442\u0442i\u043a \u0433\u0430\u0437\u0435\u0442\u0442i, \u043e\u043d\u044b\u04a3 i\u0448i\u043d\u0434\u0435 16 \u0431\u0435\u0442i\u043d \u0442\u043e\u043b\u044b\u049b\u0442\u0430\u0439 \u0442\u04af\u0440\u043bi-\u0442\u04af\u0441\u0442i \u0435\u0442i\u043f \u0448\u044b\u0493\u0430\u0440\u0430\u0442\u044b\u043d \u0436\u043e\u0493\u0430\u0440\u044b \u043c\u04af\u043c\u043ai\u043d\u0434i\u043a\u043a\u0435 \u0438\u0435.<br \/>\n<img loading=\"lazy\" decoding=\"async\" class=\"aligncenter wp-image-143 size-large\" style=\"font-size: 1rem;\" src=\"http:\/\/ernurcom.kz\/wp-content\/uploads\/2018\/04\/DSC_0121-1024x680.jpg\" alt=\"\" width=\"525\" height=\"349\" \/>\u0411\u0430\u0441\u043f\u0430 \u049b\u044b\u0437\u043c\u0435\u0442i \u0440\u0435\u0441\u043f\u0443\u0431\u043b\u0438\u043a\u0430\u043b\u044b\u049b, \u043e\u0431\u043b\u044b\u0441\u0442\u044b\u049b, \u0430\u0443\u0434\u0430\u043d\u0434\u044b\u049b \u0434\u0435\u04a3\u0433\u0435\u0439\u0434\u0435\u0433i \u0430\u0439\u044b\u043d\u0430 3\u00a0\u043c\u0438\u043b\u043b\u0438\u043e\u043d\u043d\u0430\u043d \u0430\u0441\u0442\u0430\u043c \u0434\u0430\u043d\u0430\u043c\u0435\u043d \u0448\u044b\u0493\u0430\u0442\u044b\u043d 80 \u0433\u0430\u0437\u0435\u0442\u0442i \u0443\u0430\u049b\u044b\u0442\u044b\u043d\u0434\u0430 \u0431\u0430\u0441\u044b\u043f \u0448\u044b\u0493\u0430\u0440\u044b\u043f, \u0442\u0430\u043f\u0441\u044b\u0440\u044b\u0441 \u0431\u0435\u0440\u0443\u0448i\u043b\u0435\u0440\u0434i\u04a3 \u0442\u0430\u043b\u0430\u0431\u044b\u043d \u043e\u0440\u044b\u043d\u0434\u0430\u0443\u0434\u0430. \u0410\u0442\u0430\u043f \u0430\u0439\u0442\u049b\u0430\u043d\u0434\u0430, \u0440\u0435\u0441\u043f\u0443\u0431\u043b\u0438\u043a\u0430\u043b\u044b\u00ba \u00ab\u0415\u0433\u0435\u043c\u0435\u043d \u049a\u0430\u0437\u0430\u049b\u0441\u0442\u0430\u043d\u00bb, \u00ab\u041a\u0430\u0437\u0430\u0445\u0441\u0442\u0430\u043d\u0441\u043a\u0430\u044f \u043f\u0440\u0430\u0432\u0434\u0430\u00bb, \u00ab\u0412\u0440\u0435\u043c\u044f\u00bb \u0433\u0430\u0437\u0435\u0442\u0442\u0435\u0440i, \u043e\u0431\u043b\u044b\u0441\u0442\u044b\u00ba \u00ab\u041e\u04a3\u0442\u04af\u0441\u0442i\u043a \u049a\u0430\u0437\u0430\u049b\u0441\u0442\u0430\u043d\u00bb, \u00ab\u042e\u0436\u043d\u044b\u0439 \u041a\u0430\u0437\u0430\u0445\u0441\u0442\u0430\u043d\u00bb, \u00ab\u0416\u0430\u043d\u0443\u0431\u0438\u0439 \u049a\u043e\u0437\u043e\u0493\u0438\u0441\u0442\u043e\u043d\u00bb \u0433\u0430\u0437\u0435\u0442\u0442\u0435\u0440i \u0436\u04d9\u043d\u0435 \u041e\u049a\u041e, \u0422\u0430\u0440\u0430\u0437, \u049a\u044b\u0437\u044b\u043b\u043e\u0440\u0434\u0430 \u049b\u0430\u043b\u0430\u043b\u0430\u0440\u044b\u043d\u0434\u0430 \u0448\u044b\u0493\u0430\u0442\u044b\u043d \u0442\u0430\u0493\u044b \u0431\u0430\u0441\u049b\u0430 \u0431\u0430\u0441\u044b\u043b\u044b\u043c\u0434\u0430\u0440 \u0434\u0430 \u043e\u0441\u044b \u0431\u0430\u0441\u043f\u0430\u0445\u0430\u043d\u0430\u0434\u0430 \u0431\u0430\u0441\u044b\u043b\u0443\u0434\u0430.<\/p>\n<p>\u041e\u0441\u044b\u043b\u0430\u0439 \u04af\u0448 \u049b\u04b1\u0440\u044b\u043b\u044b\u043c\u043c\u0435\u043d \u0436\u0430\u04bb\u0430\u043d\u0434\u0430\u043d\u0443 \u0437\u0430\u043c\u0430\u043d\u044b\u043d\u0434\u0430 \u04b1\u0442\u044b\u043c\u0434\u044b \u0436\u04af\u0439\u0435\u043di \u049b\u043e\u043b\u0493\u0430 \u0430\u043b\u0493\u0430\u043d \u041a\u043e\u0440\u043f\u043e\u0440\u0430\u0446\u0438\u044f \u0431\u04af\u0433i\u043d\u0433i \u0442\u0430\u04a3\u0434\u0430 \u0448\u0430\u0440\u0443\u0430\u0448\u044b\u043b\u044b\u049b \u049b\u0430\u0440\u0436\u044b\u0441\u044b \u0436\u0435\u0442\u043ai\u043bi\u043a\u0442i, \u0437\u0430\u043c\u0430\u043d\u0430\u0443\u0438 \u04af\u043b\u0433i\u0434\u0435\u0433i \u0442\u0435\u0445\u043d\u0438\u043a\u0430\u043b\u0430\u0440\u043c\u0435\u043d \u0436\u0430\u0431\u0434\u044b\u049b\u0442\u0430\u043b\u0493\u0430\u043d, \u0431i\u043bi\u043c\u0434i \u0434\u0435 \u0442\u04d9\u0436i\u0440\u0438\u0431\u0435\u043bi \u043a\u0430\u0434\u0440\u043b\u0430\u0440\u043c\u0435\u043d \u0436\u0430\u0441\u0430\u049b\u0442\u0430\u043b\u0493\u0430\u043d. \u04e8\u0437 \u0442\u0435\u0445\u043d\u0438\u043a\u0430\u0441\u044b\u043d \u0436\u044b\u043b\u0434\u0430\u043d-\u0436\u044b\u043b\u0493\u0430 \u0436\u0430\u04a3\u0430\u0440\u0442\u044b\u043f, \u0436\u04b1\u043c\u044b\u0441\u044b\u043d \u0436\u0430\u043d\u0434\u0430\u043d\u0434\u044b\u0440\u044b\u043f \u043e\u0442\u044b\u0440\u0493\u0430\u043d \u00abERNUR\u00bb \u043a\u043e\u0440\u043f\u043e\u0440\u0430\u0446\u0438\u044f\u0441\u044b\u043d\u0434\u0430 \u04e9\u0437 i\u0441i\u043d \u0436\u0435\u0442i\u043a \u043c\u0435\u04a3\u0433\u0435\u0440\u0433\u0435\u043d 427 \u049b\u044b\u0437\u043c\u0435\u0442\u043a\u0435\u0440 \u0436\u04b1\u043c\u044b\u0441 i\u0441\u0442\u0435\u0439\u0434i.<br \/>\n<img loading=\"lazy\" decoding=\"async\" class=\"aligncenter wp-image-144 size-large\" src=\"http:\/\/ernurcom.kz\/wp-content\/uploads\/2018\/04\/DSC03153-1-1024x768.jpg\" alt=\"\" width=\"525\" height=\"394\" \/>\u0423\u0430\u049b\u044b\u0442 \u043e\u0437\u0493\u0430\u043d \u0441\u0430\u0439\u044b\u043d \u043a\u04af\u0440\u0434\u0435\u043b\u0435\u043d\u0433\u0435\u043d \u0437\u0430\u043c\u0430\u043d \u0442\u0430\u043b\u0430\u0431\u044b\u043d\u0430 \u0441\u0430\u0439 \u0438\u043a\u0435\u043c\u0434\u0435\u043bi\u043f \u0436\u04b1\u043c\u044b\u0441\u044b\u043d \u0436\u04af\u0440\u0433i\u0437i\u043f \u043a\u0435\u043b\u0435 \u0436\u0430\u0442\u049b\u0430\u043d \u0430\u0442\u0430\u043b\u043c\u044b\u0448 \u043c\u0435\u043a\u0435\u043c\u0435 ISO-9001-2009 \u0436\u0430\u04a3\u0430 \u0445\u0430\u043b\u044b\u049b\u0430\u0440\u0430\u043b\u044b\u049b \u0441\u0442\u0430\u043d\u0434\u0430\u0440\u0442 \u0431\u043e\u0439\u044b\u043d\u0448\u0430 \u0436\u04b1\u043c\u044b\u0441 \u0430\u0442\u049b\u0430\u0440\u0430\u0434\u044b. \u0416\u044b\u043b \u0441\u0430\u0439\u044b\u043d \u043c\u0435\u043c\u043b\u0435\u043a\u0435\u0442 \u049b\u043e\u0440\u0436\u044b\u043d\u044b\u043d\u0430 \u0441\u0430\u043b\u044b\u049b\u0442\u044b\u04a3 \u0431\u0430\u0440\u043b\u044b\u049b \u0442\u04af\u0440\u043b\u0435\u0440i \u0431\u043e\u0439\u044b\u043d\u0448\u0430 40 \u043c\u043b\u043d. \u0442\u0435\u04a3\u0433\u0435\u0434\u0435\u043d \u0430\u0441\u0442\u0430\u043c \u049b\u0430\u0440\u0436\u044b \u049b\u04b1\u0439\u044b\u043f \u043e\u0442\u044b\u0440.<br \/>\n<span style=\"font-size: 1rem;\"><img loading=\"lazy\" decoding=\"async\" class=\"aligncenter wp-image-145 size-large\" src=\"http:\/\/ernurcom.kz\/wp-content\/uploads\/2018\/04\/DSC03156-1024x768.jpg\" alt=\"\" width=\"525\" height=\"394\" \/><\/span>\u041a\u043e\u0440\u043f\u043e\u0440\u0430\u0446\u0438\u044f \u041e\u04a3\u0442\u04af\u0441\u0442i\u043a \u049a\u0430\u0437\u0430\u049b\u0441\u0442\u0430\u043d \u043e\u0431\u043b\u044b\u0441\u044b \u0493\u0430\u043d\u0430 \u0435\u043c\u0435\u0441 \u0435\u043bi\u043ci\u0437\u0434i\u04a3 i\u0440i \u049b\u0430\u043b\u0430\u043b\u0430\u0440\u044b\u043d\u0434\u0430 \u0436\u04d9\u043d\u0435 \u043a\u04e9\u0440\u0448\u0456\u043b\u0435\u0441 \u0435\u043b\u0434\u0435\u0440i\u043c\u0435\u043d \u0442\u04b1\u0440\u0430\u049b\u0442\u044b \u0441\u0435\u0440i\u043a\u0442\u0435\u0441\u0442i\u043a\u0442i \u0434\u0430\u043c\u044b\u0442\u044b\u043f \u043a\u0435\u043b\u0435\u0434i.<\/p>\n<p>\u0411\u043e\u043b\u0430\u0448\u0430\u049b\u0442\u0430 \u00abERNUR\u00bb \u043a\u043e\u0440\u043f\u043e\u0440\u0430\u0446\u0438\u044f\u0441\u044b \u0435\u043bi\u043ci\u0437\u0434i\u04a3 \u0431\u0430\u0440\u043b\u044b\u049b \u0430\u0439\u043c\u0430\u049b\u0442\u0430\u0440\u044b\u043d\u0434\u0430 \u043e\u0441\u044b\u043d\u0434\u0430\u0439 \u043a\u043b\u0430\u0441\u0442\u0435\u0440\u043bi\u043a \u043a\u043e\u043c\u043f\u0430\u043d\u0438\u044f\u043b\u0430\u0440\u0434\u044b \u0430\u0448\u0443\u0434\u044b \u0436\u043e\u0441\u043f\u0430\u0440\u043b\u0430\u043f \u043e\u0442\u044b\u0440.<\/p>\n","protected":false},"excerpt":{"rendered":"<p>\u0411\u0430\u0441\u043f\u0430\u0445\u0430\u043d\u0430 i\u0441i \u0416\u0435\u0434\u0435\u043b \u043f\u043e\u043b\u0438\u0433\u0440\u0430\u0444\u0438\u044f \u0416\u0430\u04a3\u0430 \u043a\u0435\u0437\u0435\u04a3\u0433\u0435 \u0441\u0430\u0439 \u0441\u0430\u043f\u0430\u043b\u044b, \u0442\u043e\u043b\u044b\u049b \u0442\u04af\u0440\u043bi-\u0442\u04af\u0441\u0442i \u0431\u0430\u0441\u044b\u043b\u044b\u043c\u0434\u0430\u0440 \u0431\u0430\u0441\u044b\u043f \u0448\u044b\u0493\u0430\u0440\u0443 \u0436\u04d9\u043d\u0435 \u0436\u0435\u0434\u0435\u043b \u0431\u0430\u0441\u043f\u0430\u0445\u0430\u043d\u0430\u043b\u044b\u049b \u049b\u044b\u0437\u043c\u0435\u0442 \u043a\u04e9\u0440\u0441\u0435\u0442\u0443 \u00abERNUR-print\u00bb \u0416\u0428\u0421-\u043di\u04a3 \u0435\u043d\u0448i\u0441i\u043d\u0434\u0435. \u041a\u043b\u0438\u0435\u043d\u0442\u0442\u0435\u0440\u0434i\u04a3 \u0441\u04b1\u0440\u0430\u043d\u044b\u043c\u044b\u043d \u049b\u0430\u043d\u0430\u0493\u0430\u0442\u0442\u0430\u043d\u0434\u044b\u0440\u0443 \u0436\u04d9\u043d\u0435 \u0436\u043e\u0493\u0430\u0440\u044b \u0441\u0430\u043f\u0430\u043b\u044b \u049b\u044b\u0437\u043c\u0435\u0442 \u043a\u04e9\u0440\u0441\u0435\u0442\u0443 \u04af\u0448i\u043d 2010 \u0436\u044b\u043b\u044b \u0436\u0435\u043b\u0442\u043e\u049b\u0441\u0430\u043d \u0430\u0439\u044b\u043d\u0434\u0430 \u00ab\u0411\u0438\u0437\u043d\u0435\u0441 \u0436\u043e\u043b \u043a\u0430\u0440\u0442\u0430\u0441\u044b &#8211; 2020\u00bb \u043c\u0435\u043c\u043b\u0435\u043a\u0435\u0442\u0442i\u043a <a href=\"http:\/\/ernurcom.kz\/kk\/ernur-print\/\" class=\"read-more\">Read More &#8230;<\/a><\/p>\n","protected":false},"author":2,"featured_media":0,"parent":0,"menu_order":0,"comment_status":"closed","ping_status":"closed","template":"","meta":{"footnotes":""},"class_list":["post-68","page","type-page","status-publish","hentry"],"_links":{"self":[{"href":"http:\/\/ernurcom.kz\/kk\/wp-json\/wp\/v2\/pages\/68","targetHints":{"allow":["GET"]}}],"collection":[{"href":"http:\/\/ernurcom.kz\/kk\/wp-json\/wp\/v2\/pages"}],"about":[{"href":"http:\/\/ernurcom.kz\/kk\/wp-json\/wp\/v2\/types\/page"}],"author":[{"embeddable":true,"href":"http:\/\/ernurcom.kz\/kk\/wp-json\/wp\/v2\/users\/2"}],"replies":[{"embeddable":true,"href":"http:\/\/ernurcom.kz\/kk\/wp-json\/wp\/v2\/comments?post=68"}],"version-history":[{"count":10,"href":"http:\/\/ernurcom.kz\/kk\/wp-json\/wp\/v2\/pages\/68\/revisions"}],"predecessor-version":[{"id":109,"href":"http:\/\/ernurcom.kz\/kk\/wp-json\/wp\/v2\/pages\/68\/revisions\/109"}],"wp:attachment":[{"href":"http:\/\/ernurcom.kz\/kk\/wp-json\/wp\/v2\/media?parent=68"}],"curies":[{"name":"wp","href":"https:\/\/api.w.org\/{rel}","templated":true}]}}